{"id":124,"date":"2023-04-04T12:10:57","date_gmt":"2023-04-04T12:10:57","guid":{"rendered":"https:\/\/galagar.com.ar\/?page_id=124"},"modified":"2024-01-17T12:44:39","modified_gmt":"2024-01-17T12:44:39","slug":"servicios","status":"publish","type":"page","link":"https:\/\/galagar.com.ar\/index.php\/servicios\/","title":{"rendered":"SERVICIOS"},"content":{"rendered":"\t\t<div data-elementor-type=\"wp-page\" data-elementor-id=\"124\" class=\"elementor elementor-124\">\n\t\t\t\t\t\t\t\t\t<section class=\"elementor-section elementor-top-section elementor-element elementor-element-6ad6c479 elementor-section-content-middle elementor-section-boxed elementor-section-height-default elementor-section-height-default\" data-id=\"6ad6c479\" data-element_type=\"section\">\n\t\t\t\t\t\t<div class=\"elementor-container elementor-column-gap-no\">\n\t\t\t\t\t<div class=\"elementor-column elementor-col-100 elementor-top-column elementor-element elementor-element-2e69f448\" data-id=\"2e69f448\" data-element_type=\"column\">\n\t\t\t<div class=\"elementor-widget-wrap elementor-element-populated\">\n\t\t\t\t\t\t\t\t<div class=\"elementor-element elementor-element-4f20ccd0 elementor-widget elementor-widget-heading\" data-id=\"4f20ccd0\" data-element_type=\"widget\" data-widget_type=\"heading.default\">\n\t\t\t\t<div class=\"elementor-widget-container\">\n\t\t\t<style>\/*! elementor - v3.10.2 - 29-01-2023 *\/\n.elementor-heading-title{padding:0;margin:0;line-height:1}.elementor-widget-heading .elementor-heading-title[class*=elementor-size-]>a{color:inherit;font-size:inherit;line-height:inherit}.elementor-widget-heading .elementor-heading-title.elementor-size-small{font-size:15px}.elementor-widget-heading .elementor-heading-title.elementor-size-medium{font-size:19px}.elementor-widget-heading .elementor-heading-title.elementor-size-large{font-size:29px}.elementor-widget-heading .elementor-heading-title.elementor-size-xl{font-size:39px}.elementor-widget-heading .elementor-heading-title.elementor-size-xxl{font-size:59px}<\/style><h4 class=\"elementor-heading-title elementor-size-default\">Servicios<\/h4>\t\t<\/div>\n\t\t\t\t<\/div>\n\t\t\t\t<section class=\"elementor-section elementor-inner-section elementor-element elementor-element-fea56d1 elementor-section-content-middle elementor-section-boxed elementor-section-height-default elementor-section-height-default\" data-id=\"fea56d1\" data-element_type=\"section\">\n\t\t\t\t\t\t<div class=\"elementor-container elementor-column-gap-no\">\n\t\t\t\t\t<div class=\"elementor-column elementor-col-25 elementor-inner-column elementor-element elementor-element-42363103\" data-id=\"42363103\" data-element_type=\"column\">\n\t\t\t<div class=\"elementor-widget-wrap elementor-element-populated\">\n\t\t\t\t\t\t\t\t<div class=\"elementor-element elementor-element-1e1012ca elementor-position-top elementor-vertical-align-top elementor-widget elementor-widget-image-box\" data-id=\"1e1012ca\" data-element_type=\"widget\" data-widget_type=\"image-box.default\">\n\t\t\t\t<div class=\"elementor-widget-container\">\n\t\t\t<style>\/*! elementor - v3.10.2 - 29-01-2023 *\/\n.elementor-widget-image-box .elementor-image-box-content{width:100%}@media (min-width:768px){.elementor-widget-image-box.elementor-position-left .elementor-image-box-wrapper,.elementor-widget-image-box.elementor-position-right .elementor-image-box-wrapper{display:flex}.elementor-widget-image-box.elementor-position-right .elementor-image-box-wrapper{text-align:right;flex-direction:row-reverse}.elementor-widget-image-box.elementor-position-left .elementor-image-box-wrapper{text-align:left;flex-direction:row}.elementor-widget-image-box.elementor-position-top .elementor-image-box-img{margin:auto}.elementor-widget-image-box.elementor-vertical-align-top .elementor-image-box-wrapper{align-items:flex-start}.elementor-widget-image-box.elementor-vertical-align-middle .elementor-image-box-wrapper{align-items:center}.elementor-widget-image-box.elementor-vertical-align-bottom .elementor-image-box-wrapper{align-items:flex-end}}@media (max-width:767px){.elementor-widget-image-box .elementor-image-box-img{margin-left:auto!important;margin-right:auto!important;margin-bottom:15px}}.elementor-widget-image-box .elementor-image-box-img{display:inline-block}.elementor-widget-image-box .elementor-image-box-title a{color:inherit}.elementor-widget-image-box .elementor-image-box-wrapper{text-align:center}.elementor-widget-image-box .elementor-image-box-description{margin:0}<\/style><div class=\"elementor-image-box-wrapper\"><figure class=\"elementor-image-box-img\"><img decoding=\"async\" src=\"https:\/\/galagar.com.ar\/wp-content\/uploads\/2023\/04\/asesoria-y-capacitacionRecurso-15.png\" title=\"asesoria y capacitacionRecurso 15\" alt=\"asesoria y capacitacionRecurso 15\" class=\"elementor-animation-grow\" loading=\"lazy\" \/><\/figure><div class=\"elementor-image-box-content\"><h3 class=\"elementor-image-box-title\">Asesor\u00eda y Capacitaci\u00f3n<\/h3><p class=\"elementor-image-box-description\">Nuestro departamento de formaci\u00f3n ofrece servicios de asesor\u00eda destinado a mejorar el sistema de producci\u00f3n.<\/p><\/div><\/div>\t\t<\/div>\n\t\t\t\t<\/div>\n\t\t\t\t\t<\/div>\n\t\t<\/div>\n\t\t\t\t<div class=\"elementor-column elementor-col-25 elementor-inner-column elementor-element elementor-element-6a4548d\" data-id=\"6a4548d\" data-element_type=\"column\">\n\t\t\t<div class=\"elementor-widget-wrap elementor-element-populated\">\n\t\t\t\t\t\t\t\t<div class=\"elementor-element elementor-element-8c14dfa elementor-position-top elementor-vertical-align-top elementor-widget elementor-widget-image-box\" data-id=\"8c14dfa\" data-element_type=\"widget\" data-widget_type=\"image-box.default\">\n\t\t\t\t<div class=\"elementor-widget-container\">\n\t\t\t<div class=\"elementor-image-box-wrapper\"><figure class=\"elementor-image-box-img\"><img decoding=\"async\" src=\"https:\/\/galagar.com.ar\/wp-content\/uploads\/2023\/04\/reparacion-y-mantenimientoRecurso-14.png\" title=\"reparacion y mantenimientoRecurso 14\" alt=\"reparacion y mantenimientoRecurso 14\" class=\"elementor-animation-grow\" loading=\"lazy\" \/><\/figure><div class=\"elementor-image-box-content\"><h3 class=\"elementor-image-box-title\">Reparaci\u00f3n y Mantenimiento<\/h3><p class=\"elementor-image-box-description\">Brindamos una soluci\u00f3n con la cual puede conseguir una evaluaci\u00f3n del estado de sus m\u00e1quinas y su reparaci\u00f3n.<\/p><\/div><\/div>\t\t<\/div>\n\t\t\t\t<\/div>\n\t\t\t\t\t<\/div>\n\t\t<\/div>\n\t\t\t\t<div class=\"elementor-column elementor-col-25 elementor-inner-column elementor-element elementor-element-42a6a7c3\" data-id=\"42a6a7c3\" data-element_type=\"column\">\n\t\t\t<div class=\"elementor-widget-wrap elementor-element-populated\">\n\t\t\t\t\t\t\t\t<div class=\"elementor-element elementor-element-5c55ffcb elementor-position-top elementor-vertical-align-top elementor-widget elementor-widget-image-box\" data-id=\"5c55ffcb\" data-element_type=\"widget\" data-widget_type=\"image-box.default\">\n\t\t\t\t<div class=\"elementor-widget-container\">\n\t\t\t<div class=\"elementor-image-box-wrapper\"><figure class=\"elementor-image-box-img\"><img loading=\"lazy\" decoding=\"async\" width=\"2058\" height=\"2037\" src=\"https:\/\/galagar.com.ar\/wp-content\/uploads\/2023\/04\/automatizacion-y-roboticaRecurso-16.png\" class=\"elementor-animation-grow attachment-full size-full wp-image-175\" alt=\"\" srcset=\"https:\/\/galagar.com.ar\/wp-content\/uploads\/2023\/04\/automatizacion-y-roboticaRecurso-16.png 2058w, https:\/\/galagar.com.ar\/wp-content\/uploads\/2023\/04\/automatizacion-y-roboticaRecurso-16-300x297.png 300w, https:\/\/galagar.com.ar\/wp-content\/uploads\/2023\/04\/automatizacion-y-roboticaRecurso-16-1024x1014.png 1024w, https:\/\/galagar.com.ar\/wp-content\/uploads\/2023\/04\/automatizacion-y-roboticaRecurso-16-768x760.png 768w, https:\/\/galagar.com.ar\/wp-content\/uploads\/2023\/04\/automatizacion-y-roboticaRecurso-16-1536x1520.png 1536w, https:\/\/galagar.com.ar\/wp-content\/uploads\/2023\/04\/automatizacion-y-roboticaRecurso-16-2048x2027.png 2048w\" sizes=\"(max-width: 2058px) 100vw, 2058px\" \/><\/figure><div class=\"elementor-image-box-content\"><h3 class=\"elementor-image-box-title\">Automatizaci\u00f3n y Rob\u00f3tica<\/h3><p class=\"elementor-image-box-description\">Ofrecemos un servicio amplio en automatizaci\u00f3n y rob\u00f3tica, siendo partner de marcas l\u00edderes en el mercado.<\/p><\/div><\/div>\t\t<\/div>\n\t\t\t\t<\/div>\n\t\t\t\t\t<\/div>\n\t\t<\/div>\n\t\t\t\t<div class=\"elementor-column elementor-col-25 elementor-inner-column elementor-element elementor-element-57110ce2\" data-id=\"57110ce2\" data-element_type=\"column\">\n\t\t\t<div class=\"elementor-widget-wrap elementor-element-populated\">\n\t\t\t\t\t\t\t\t<div class=\"elementor-element elementor-element-142d1292 elementor-position-top elementor-vertical-align-top elementor-widget elementor-widget-image-box\" data-id=\"142d1292\" data-element_type=\"widget\" data-widget_type=\"image-box.default\">\n\t\t\t\t<div class=\"elementor-widget-container\">\n\t\t\t<div class=\"elementor-image-box-wrapper\"><figure class=\"elementor-image-box-img\"><img loading=\"lazy\" decoding=\"async\" width=\"2057\" height=\"2037\" src=\"https:\/\/galagar.com.ar\/wp-content\/uploads\/2023\/04\/ingenieria-Recurso-17.png\" class=\"elementor-animation-grow attachment-full size-full wp-image-174\" alt=\"\" srcset=\"https:\/\/galagar.com.ar\/wp-content\/uploads\/2023\/04\/ingenieria-Recurso-17.png 2057w, https:\/\/galagar.com.ar\/wp-content\/uploads\/2023\/04\/ingenieria-Recurso-17-300x297.png 300w, https:\/\/galagar.com.ar\/wp-content\/uploads\/2023\/04\/ingenieria-Recurso-17-1024x1014.png 1024w, https:\/\/galagar.com.ar\/wp-content\/uploads\/2023\/04\/ingenieria-Recurso-17-150x150.png 150w, https:\/\/galagar.com.ar\/wp-content\/uploads\/2023\/04\/ingenieria-Recurso-17-768x761.png 768w, https:\/\/galagar.com.ar\/wp-content\/uploads\/2023\/04\/ingenieria-Recurso-17-1536x1521.png 1536w, https:\/\/galagar.com.ar\/wp-content\/uploads\/2023\/04\/ingenieria-Recurso-17-2048x2028.png 2048w\" sizes=\"(max-width: 2057px) 100vw, 2057px\" \/><\/figure><div class=\"elementor-image-box-content\"><h3 class=\"elementor-image-box-title\">Ingenier\u00eda y Asesoramiento<\/h3><p class=\"elementor-image-box-description\">Ofrecemos servicios de ingenier\u00eda y asesoramiento adaptados a tus necesidades para brindar la mejor soluci\u00f3n.<\/p><\/div><\/div>\t\t<\/div>\n\t\t\t\t<\/div>\n\t\t\t\t\t<\/div>\n\t\t<\/div>\n\t\t\t\t\t\t\t<\/div>\n\t\t<\/section>\n\t\t\t\t\t<\/div>\n\t\t<\/div>\n\t\t\t\t\t\t\t<\/div>\n\t\t<\/section>\n\t\t\t\t\t\t\t<\/div>\n\t\t","protected":false},"excerpt":{"rendered":"<p>Servicios Asesor\u00eda y Capacitaci\u00f3n Nuestro departamento de formaci\u00f3n ofrece servicios de asesor\u00eda destinado a mejorar el sistema de producci\u00f3n. Reparaci\u00f3n y Mantenimiento Brindamos una soluci\u00f3n con la cual puede conseguir una evaluaci\u00f3n del estado de sus m\u00e1quinas y su reparaci\u00f3n. Automatizaci\u00f3n y Rob\u00f3tica Ofrecemos un servicio amplio en automatizaci\u00f3n y rob\u00f3tica, siendo partner de marcas [&hellip;]<\/p>\n","protected":false},"author":1,"featured_media":0,"parent":0,"menu_order":0,"comment_status":"closed","ping_status":"closed","template":"","meta":{"om_disable_all_campaigns":false,"_mi_skip_tracking":false,"footnotes":""},"aioseo_notices":[],"_links":{"self":[{"href":"https:\/\/galagar.com.ar\/index.php\/wp-json\/wp\/v2\/pages\/124"}],"collection":[{"href":"https:\/\/galagar.com.ar\/index.php\/wp-json\/wp\/v2\/pages"}],"about":[{"href":"https:\/\/galagar.com.ar\/index.php\/wp-json\/wp\/v2\/types\/page"}],"author":[{"embeddable":true,"href":"https:\/\/galagar.com.ar\/index.php\/wp-json\/wp\/v2\/users\/1"}],"replies":[{"embeddable":true,"href":"https:\/\/galagar.com.ar\/index.php\/wp-json\/wp\/v2\/comments?post=124"}],"version-history":[{"count":19,"href":"https:\/\/galagar.com.ar\/index.php\/wp-json\/wp\/v2\/pages\/124\/revisions"}],"predecessor-version":[{"id":1078,"href":"https:\/\/galagar.com.ar\/index.php\/wp-json\/wp\/v2\/pages\/124\/revisions\/1078"}],"wp:attachment":[{"href":"https:\/\/galagar.com.ar\/index.php\/wp-json\/wp\/v2\/media?parent=124"}],"curies":[{"name":"wp","href":"https:\/\/api.w.org\/{rel}","templated":true}]}}